{"id":14898,"date":"2025-11-14T12:26:03","date_gmt":"2025-11-14T12:26:03","guid":{"rendered":"https:\/\/printundcopy.eu\/?post_type=product&#038;p=14898"},"modified":"2025-11-14T16:15:40","modified_gmt":"2025-11-14T16:15:40","slug":"professionelle-flyer-gestalten-drucken","status":"publish","type":"product","link":"https:\/\/printundcopy.eu\/de\/produkt\/professionelle-flyer-gestalten-drucken\/","title":{"rendered":"Professionelle Flyer gestalten &#038; drucken"},"content":{"rendered":"<h2>Individuelle Gestaltung und Beratung<\/h2>\n<p>Unsere erfahrenen Designer helfen Ihnen gerne bei der Gestaltung Ihrer Flyer. Wir setzen Ihre Ideen um und beraten Sie, um das bestm\u00f6gliche Ergebnis zu erzielen.<\/p>\n<h2>Papierauswahl &amp; Druckqualit\u00e4t<\/h2>\n<p>Wir bieten verschiedene Papiersorten und Grammaturen f\u00fcr jeden Anspruch:<\/p>\n<h2>Hochwertiger Druck in verschiedenen Formaten<\/h2>\n<p>Unsere Flyer sind ein- oder beidseitig bedruckt und k\u00f6nnen in Gr\u00f6\u00dfen von A6 bis A4 gedruckt werden. Wir verwenden modernste Drucktechnologien f\u00fcr h\u00f6chste Qualit\u00e4t.<\/p>\n<h2>Auch in kleinen Mengen perfekt<\/h2>\n<p>Wir drucken bereits ab einer St\u00fcckzahl von 10 St\u00fcck &#8211; perfekt f\u00fcr kleine und gro\u00dfe Projekte.<\/p>\n<h3>Preis\u00fcbersicht f\u00fcr Flyer (Grundpreise)<\/h3>\n<p>Important Note:\u00a0*Beidseitiger Druck: +30% auf den angegebenen Preis*<\/p>\n<table style=\"height: 638px;\" width=\"880\">\n<thead>\n<tr>\n<td width=\"99\">Menge (Stk.)<\/td>\n<td width=\"51\">A6 (\u20ac)<\/td>\n<td width=\"51\">A5 (\u20ac)<\/td>\n<td width=\"95\">10x21cm (\u20ac)<\/td>\n<td width=\"54\">A4 (\u20ac)<\/td>\n<\/tr>\n<\/thead>\n<tbody>\n<tr>\n<td width=\"99\">100<\/td>\n<td width=\"51\">25<\/td>\n<td width=\"51\">35<\/td>\n<td width=\"95\">30<\/td>\n<td width=\"54\">40<\/td>\n<\/tr>\n<tr>\n<td width=\"99\">150<\/td>\n<td width=\"51\">35<\/td>\n<td width=\"51\">45<\/td>\n<td width=\"95\">40<\/td>\n<td width=\"54\">50<\/td>\n<\/tr>\n<tr>\n<td width=\"99\">200<\/td>\n<td width=\"51\">45<\/td>\n<td width=\"51\">55<\/td>\n<td width=\"95\">50<\/td>\n<td width=\"54\">60<\/td>\n<\/tr>\n<tr>\n<td width=\"99\">300<\/td>\n<td width=\"51\">55<\/td>\n<td width=\"51\">65<\/td>\n<td width=\"95\">60<\/td>\n<td width=\"54\">70<\/td>\n<\/tr>\n<tr>\n<td width=\"99\">400<\/td>\n<td width=\"51\">65<\/td>\n<td width=\"51\">75<\/td>\n<td width=\"95\">70<\/td>\n<td width=\"54\">80<\/td>\n<\/tr>\n<tr>\n<td width=\"99\">500<\/td>\n<td width=\"51\">75<\/td>\n<td width=\"51\">85<\/td>\n<td width=\"95\">80<\/td>\n<td width=\"54\">90<\/td>\n<\/tr>\n<tr>\n<td width=\"99\">700<\/td>\n<td width=\"51\">85<\/td>\n<td width=\"51\">95<\/td>\n<td width=\"95\">90<\/td>\n<td width=\"54\">100<\/td>\n<\/tr>\n<tr>\n<td width=\"99\">1000<\/td>\n<td width=\"51\">95<\/td>\n<td width=\"51\">115<\/td>\n<td width=\"95\">100<\/td>\n<td width=\"54\">170<\/td>\n<\/tr>\n<tr>\n<td width=\"99\">2000<\/td>\n<td width=\"51\">135<\/td>\n<td width=\"51\">155<\/td>\n<td width=\"95\">150<\/td>\n<td width=\"54\">270<\/td>\n<\/tr>\n<tr>\n<td width=\"99\">3000<\/td>\n<td width=\"51\">165<\/td>\n<td width=\"51\">185<\/td>\n<td width=\"95\">170<\/td>\n<td width=\"54\">350<\/td>\n<\/tr>\n<tr>\n<td width=\"99\">4000<\/td>\n<td width=\"51\">195<\/td>\n<td width=\"51\">225<\/td>\n<td width=\"95\">180<\/td>\n<td width=\"54\">420<\/td>\n<\/tr>\n<\/tbody>\n<\/table>","protected":false},"excerpt":{"rendered":"<p>Flyer sind eine effektive und kosteng\u00fcnstige M\u00f6glichkeit, um Ihre Botschaft an potenzielle Kunden zu bringen. Bei Print+Copy bieten wir Ihnen einen umfassenden Service f\u00fcr Flyer, von der Gestaltung bis zum Druck. Wir sind Ihr zuverl\u00e4ssiger Partner f\u00fcr Flyer in kleinen und gro\u00dfen Mengen.<\/p>","protected":false},"featured_media":51,"comment_status":"open","ping_status":"closed","template":"","meta":[],"product_brand":[],"product_cat":[28,39],"product_tag":[29,31,32,35,36,38,40,41,42],"class_list":{"0":"post-14898","1":"product","2":"type-product","3":"status-publish","4":"has-post-thumbnail","6":"product_cat-bags","7":"product_cat-packaging","8":"product_tag-banner","9":"product_tag-brochure","10":"product_tag-card","11":"product_tag-flyer","12":"product_tag-logo","13":"product_tag-packaging","14":"product_tag-poster","15":"product_tag-sticker","16":"product_tag-t-shirt","18":"first","19":"instock","20":"shipping-taxable","21":"purchasable","22":"product-type-variable"},"_links":{"self":[{"href":"https:\/\/printundcopy.eu\/de\/wp-json\/wp\/v2\/product\/14898","targetHints":{"allow":["GET"]}}],"collection":[{"href":"https:\/\/printundcopy.eu\/de\/wp-json\/wp\/v2\/product"}],"about":[{"href":"https:\/\/printundcopy.eu\/de\/wp-json\/wp\/v2\/types\/product"}],"replies":[{"embeddable":true,"href":"https:\/\/printundcopy.eu\/de\/wp-json\/wp\/v2\/comments?post=14898"}],"wp:featuredmedia":[{"embeddable":true,"href":"https:\/\/printundcopy.eu\/de\/wp-json\/wp\/v2\/media\/51"}],"wp:attachment":[{"href":"https:\/\/printundcopy.eu\/de\/wp-json\/wp\/v2\/media?parent=14898"}],"wp:term":[{"taxonomy":"product_brand","embeddable":true,"href":"https:\/\/printundcopy.eu\/de\/wp-json\/wp\/v2\/product_brand?post=14898"},{"taxonomy":"product_cat","embeddable":true,"href":"https:\/\/printundcopy.eu\/de\/wp-json\/wp\/v2\/product_cat?post=14898"},{"taxonomy":"product_tag","embeddable":true,"href":"https:\/\/printundcopy.eu\/de\/wp-json\/wp\/v2\/product_tag?post=14898"}],"curies":[{"name":"wp","href":"https:\/\/api.w.org\/{rel}","templated":true}]}}